{"id":1776,"date":"2022-02-27T20:08:58","date_gmt":"2022-02-27T18:08:58","guid":{"rendered":"https:\/\/houseofbridge.com\/?page_id=1776"},"modified":"2022-03-05T19:17:49","modified_gmt":"2022-03-05T17:17:49","slug":"how-and-when-to-play-on-hob","status":"publish","type":"page","link":"https:\/\/houseofbridge.com\/pl\/how-and-when-to-play-on-hob\/","title":{"rendered":"How and when to play on HoB"},"content":{"rendered":"<p>[et_pb_section fb_built=&#8221;1&#8243; admin_label=&#8221;Hero&#8221; _builder_version=&#8221;4.9.11&#8243; use_background_color_gradient=&#8221;on&#8221; background_color_gradient_start=&#8221;rgba(34,58,56,0.5)&#8221; background_color_gradient_end=&#8221;rgba(72,106,104,0.5)&#8221; background_color_gradient_overlays_image=&#8221;on&#8221; background_image=&#8221;https:\/\/houseofbridge.com\/wp-content\/uploads\/2021\/08\/analysis.jpg&#8221; custom_padding=&#8221;|||&#8221; animation_style=&#8221;zoom&#8221; animation_intensity_zoom=&#8221;4%&#8221; global_colors_info=&#8221;{}&#8221;][et_pb_row _builder_version=&#8221;4.9.11&#8243; background_size=&#8221;initial&#8221; background_position=&#8221;top_left&#8221; background_repeat=&#8221;repeat&#8221; custom_padding=&#8221;|||&#8221; animation_style=&#8221;slide&#8221; animation_direction=&#8221;top&#8221; animation_intensity_slide=&#8221;3%&#8221; global_colors_info=&#8221;{}&#8221;][et_pb_column type=&#8221;4_4&#8243; _builder_version=&#8221;3.25&#8243; custom_padding=&#8221;|||&#8221; global_colors_info=&#8221;{}&#8221; custom_padding__hover=&#8221;|||&#8221;][et_pb_text _builder_version=&#8221;4.9.11&#8243; text_font=&#8221;||||||||&#8221; header_font=&#8221;Poppins|700||on|||||dotted&#8221; header_text_color=&#8221;#FFFFFF&#8221; header_font_size=&#8221;60px&#8221; header_line_height=&#8221;1.3em&#8221; background_size=&#8221;initial&#8221; background_position=&#8221;top_left&#8221; background_repeat=&#8221;repeat&#8221; custom_margin=&#8221;|||&#8221; animation_style=&#8221;fade&#8221; header_font_size_last_edited=&#8221;off|desktop&#8221; locked=&#8221;off&#8221; global_colors_info=&#8221;{}&#8221;]<\/p>\n<h1><\/h1>\n<h1 class=\"entry-title main_title\">turnieje na Hob-ie<\/h1>\n<p>[\/et_pb_text][et_pb_divider show_divider=&#8221;off&#8221; disabled_on=&#8221;on|on|off%22&#8243; _builder_version=&#8221;3.2&#8243; max_width=&#8221;120px&#8221; animation_style=&#8221;slide&#8221; animation_direction=&#8221;top&#8221; animation_intensity_slide=&#8221;30%&#8221; global_colors_info=&#8221;{}&#8221;][\/et_pb_divider][\/et_pb_column][\/et_pb_row][\/et_pb_section][et_pb_section fb_built=&#8221;1&#8243; _builder_version=&#8221;4.9.11&#8243; _module_preset=&#8221;default&#8221; global_colors_info=&#8221;{}&#8221;][et_pb_row _builder_version=&#8221;4.9.11&#8243; _module_preset=&#8221;default&#8221; global_colors_info=&#8221;{}&#8221;][et_pb_column type=&#8221;4_4&#8243; _builder_version=&#8221;4.9.11&#8243; _module_preset=&#8221;default&#8221; global_colors_info=&#8221;{}&#8221;][et_pb_text _builder_version=&#8221;4.11.0&#8243; _module_preset=&#8221;default&#8221; text_font=&#8221;Poppins||||||||&#8221; text_text_color=&#8221;#223A38&#8243; text_font_size=&#8221;15px&#8221; hover_enabled=&#8221;0&#8243; global_colors_info=&#8221;{}&#8221; sticky_enabled=&#8221;0&#8243;]<\/p>\n<h2>Harmonogram<\/h2>\n<p>Od pocz\u0105tku marca 2022 na HoB-ie gramy nast\u0119puj\u0105ce cykliczne turnieje par na IMP-y:<strong><\/strong><\/p>\n<p style=\"padding-left: 40px;\"><strong>Poniedzia\u0142ek<\/strong>, godz. 20:30 &#8211; Otwarty Turniej Par, 21 rozda\u0144, turniej p\u0142atny<\/p>\n<p style=\"padding-left: 40px;\"><strong>\u015aroda<\/strong>, godz. 20:30 &#8211; Otwarty Turniej Par, 21 rozda\u0144, turniej p\u0142atny<\/p>\n<p style=\"padding-left: 40px;\"><strong>Czwartek<\/strong>, godz. 20:00 &#8211; M\u0142odzie\u017cowy Turniej Par, 12 rozda\u0144, turniej bezp\u0142atny (turniej dla m\u0142odzie\u017cy &lt;26 oraz ich trener\u00f3w)<\/p>\n<p style=\"padding-left: 40px;\"><strong>Niedziela<\/strong>, godz. 20:00 &#8211; Otwarty Turniej Par, 15 rozda\u0144, turniej bezp\u0142atny<\/p>\n<p>&nbsp;<\/p>\n<p>Wszystkie turnieje odbywaj\u0105 si\u0119 pod patronatem PZBS oraz klubu BridgeNET. We wszystkich turniejach (zar\u00f3wno p\u0142atnych jak i bezp\u0142atnych) s\u0105 przydzielane PKL-e. Cennik turniej\u00f3w mo\u017cna znale\u017a\u0107 na stronie <a href=\"https:\/\/bridgenet.pl\" target=\"_blank\" rel=\"noopener\">BridgeNET<\/a> (z prawej strony w sekcji &#8220;Harmonogram HoB&#8221;).<\/p>\n<h2>Jak zagra\u0107 w turnieju p\u0142atnym?<\/h2>\n<p>\u017beby zagra\u0107 w turnieju p\u0142atnym na HoB-ie musisz spe\u0142ni\u0107 cztery proste warunki:<\/p>\n<ol>\n<li>Zarejestrowa\u0107 si\u0119 na HoB-ie<\/li>\n<li>Zarejestrowa\u0107 si\u0119 w klubie BridgeNET<\/li>\n<li>Op\u0142aci\u0107 turniej<\/li>\n<li>Zapisa\u0107 si\u0119 do konkretnego turnieju<\/li>\n<\/ol>\n<p>&nbsp;<\/p>\n<h4><span style=\"text-decoration: underline;\">Zarejestrowa\u0107 si\u0119 na HoB-ie<\/span><\/h4>\n<p style=\"text-align: left; padding-left: 40px;\">Do\u0142\u0105cz do <a href=\"https:\/\/play.houseofbridge.com\" target=\"_blank\" rel=\"noopener\">HoB-a<\/a> a w razie problem\u00f3w skorzystaj z <a href=\"https:\/\/houseofbridge.com\/pl\/rejestracja-na-hob\/\" target=\"_blank\" rel=\"noopener\">instrukcji po polsku<\/a>. Wybierz i zapami\u0119taj sw\u00f3j nick na HoB-ie. Je\u015bli jeste\u015b ju\u017c cz\u0142onkiem klubu BridgeNET to wybierz taki nick, pod kt\u00f3rym zarejestrowa\u0142e\u015b si\u0119 w BridgeNET.<\/p>\n<h4><span style=\"text-decoration: underline;\">Zarejestrowa\u0107 si\u0119 w klubie BridgeNET<\/span><\/h4>\n<p style=\"padding-left: 40px;\">Skorzystaj z <a href=\"https:\/\/www.bridgenet.pl\/rejestracja\/\" target=\"_blank\" rel=\"noopener\">formularza rejestracji<\/a> w klubie BridgeNET. Pami\u0119taj, \u017ceby wpisa\u0107 sw\u00f3j nick z HoB-a. Je\u015bli kiedy\u015b by\u0142e\u015b cz\u0142onkiem PZBS, ale nie masz op\u0142aconej sk\u0142adki to wci\u0105\u017c wybierz opcj\u0119: &#8220;Jestem cz\u0142onkiem PZBS&#8221; i podaj sw\u00f3j PID z Cezara. Co prawda nie b\u0119dziesz m\u00f3g\u0142 otrzymywa\u0107 PKL-i, ale Tw\u00f3j profil na BridgeNET wype\u0142ni si\u0119 automatycznie a innym graczom b\u0119dzie Ci\u0119 \u0142atwiej zidentyfikowa\u0107.<\/p>\n<p style=\"padding-left: 40px;\">Je\u015bli nie jeste\u015b pewien, czy masz konto na BridgeNET, mo\u017cesz wej\u015b\u0107 <a href=\"https:\/\/www.bridgenet.pl\/beta\" target=\"_blank\" rel=\"noopener\">tutaj<\/a> i wykorzysta\u0107 opcj\u0119 &#8220;Znajd\u017a gracza&#8221;. Wyszukiwa\u0107 mo\u017cna tylko po nicku, ale je\u015bli nic nie wpiszesz, tylko naci\u015bniesz &lt;enter&gt;, to zobaczysz pe\u0142n\u0105 list\u0119 graczy z nazwiskami, wi\u0119c b\u0119dziesz m\u00f3g\u0142 si\u0119 znale\u017a\u0107 przez swoje imi\u0119 lub nazwisko u\u017cywaj\u0105c funkcji CTRL+F w przegl\u0105darce.<\/p>\n<p style=\"padding-left: 40px;\">Je\u015bli jeste\u015b jednym z graczy, kt\u00f3rzy s\u0105 zarejestrowani w BridgeNET pod innym nickiem ni\u017c na HoB, to masz dwa wyj\u015bcia:<\/p>\n<ul>\n<li style=\"list-style-type: none;\">\n<ul>\n<li>napisa\u0107 do nas na <a href=\"mailto:support@houseofbridge.com\">support@houseofbridge.com<\/a> z pro\u015bb\u0105 o zmian\u0119 nicka<\/li>\n<li>zarejestrowa\u0107 si\u0119 na nowo w BridgeNET podaj\u0105c nick z HoB-a.<\/li>\n<\/ul>\n<\/li>\n<\/ul>\n<p style=\"padding-left: 40px;\">Drugie rozwi\u0105zanie ma t\u0119 wad\u0119, \u017ce je\u015bli mia\u0142e\u015b jak\u0105\u015b histori\u0119 turniej\u00f3w pod poprzednim nickiem to nie b\u0119dzie ona dost\u0119pna, gdy b\u0119dziesz przegl\u0105da\u0142 sw\u00f3j nowy profil.<\/p>\n<h4><span style=\"text-decoration: underline;\">Op\u0142aci\u0107 turniej<\/span><\/h4>\n<p style=\"padding-left: 40px;\">Op\u0142aty s\u0105 realizowane w spos\u00f3b najwygodniejszy dla polskich u\u017cytkownik\u00f3w, czyli przez PayU (Blik, karty debetowe, kredytowe, etc.). Wejd\u017a na <a href=\"https:\/\/www.bridgenet.pl\/wplaty\/\" target=\"_blank\" rel=\"noopener\">formularz wp\u0142at<\/a> i wype\u0142nij go. Uwaga &#8211; w turniejach na HoB-ie PZBS przywr\u00f3ci\u0142 zni\u017cki dla senior\u00f3w, wi\u0119c op\u0142aty startowe wygl\u0105daj\u0105 tak:<\/p>\n<ul>\n<li style=\"list-style-type: none;\">\n<ul>\n<li>8 z\u0142 od zawodnika \u2013 zarejestrowany w PZBS <span style=\"text-decoration: underline;\">z op\u0142acon\u0105 sk\u0142adk\u0105 cz\u0142onkowsk\u0105 na bie\u017c\u0105cy rok<\/span><\/li>\n<li>6 z\u0142 od zawodnika \u2013 ulgowe dla senior\u00f3w zarejestrowanych w PZBS <span style=\"text-decoration: underline;\">z op\u0142acon\u0105 sk\u0142adk\u0105 cz\u0142onkowsk\u0105 na bie\u017c\u0105cy rok<\/span><\/li>\n<li>12 z\u0142 od zawodnika \u2013 pozostali<\/li>\n<\/ul>\n<\/li>\n<\/ul>\n<p style=\"padding-left: 40px;\">Informacja o op\u0142aconej sk\u0142adce oraz o ewentualnym statusie seniora\/nestora znajduje si\u0119 w profilu gracza w <a href=\"https:\/\/msc.com.pl\/cezar\/\" target=\"_blank\" rel=\"noopener\">Cezarze<\/a>, w dolnym prawym rogu, np.:<\/p>\n<p style=\"padding-left: 40px;\"><img loading=\"lazy\" decoding=\"async\" src=\"https:\/\/houseofbridge.com\/wp-content\/uploads\/2022\/03\/Cezar-informacje-dodatkowe-300x162.jpg\" width=\"300\" height=\"162\" alt=\"\" class=\"wp-image-1806 alignnone size-medium\" srcset=\"https:\/\/houseofbridge.com\/wp-content\/uploads\/2022\/03\/Cezar-informacje-dodatkowe-300x162.jpg 300w, https:\/\/houseofbridge.com\/wp-content\/uploads\/2022\/03\/Cezar-informacje-dodatkowe-18x10.jpg 18w, https:\/\/houseofbridge.com\/wp-content\/uploads\/2022\/03\/Cezar-informacje-dodatkowe.jpg 478w\" sizes=\"auto, (max-width: 300px) 100vw, 300px\" \/><\/p>\n<p style=\"padding-left: 40px;\">Op\u0142acenie turnieju za partnera jest mo\u017cliwe &#8211; nale\u017cy po prostu wype\u0142ni\u0107 formularz dwa razy: raz swoimi danymi a drugi raz danymi partnera. Wkr\u00f3tce zostanie wprowadzona opcja op\u0142aty za dwie osoby przy u\u017cyciu jednego formularza.<\/p>\n<p style=\"padding-left: 40px;\">Je\u015bli chcesz sprawdzi\u0107, czy na Twoim koncie BridgeNET masz jakiekolwiek op\u0142acone turnieje, to wejd\u017a <a href=\"https:\/\/www.bridgenet.pl\/beta\/\" target=\"_blank\" rel=\"noopener\">tutaj<\/a> i w okienku &#8220;Znajd\u017a gracza&#8221; wpisz sw\u00f3j nick. Obecnie ta informacja nie jest wy\u015bwietlana, ale wkr\u00f3tce w profilu gracza b\u0119dzie informacja o ilo\u015bci turniej\u00f3w do wykorzystania.<\/p>\n<h4><span style=\"text-decoration: underline;\">Zapisa\u0107 si\u0119 do konkretnego turnieju<\/span><\/h4>\n<p style=\"padding-left: 40px;\">Lista dost\u0119pnych turniej\u00f3w znajduje si\u0119 tutaj: <a href=\"https:\/\/play.houseofbridge.com\/tournaments\" target=\"_blank\" rel=\"noopener\">https:\/\/play.houseofbridge.com\/tournaments<\/a>. Kliknij w wybrany turniej a potem naci\u015bnij przycisk &#8220;Do\u0142\u0105cz&#8221;. Pami\u0119taj, \u017ce aby zapisa\u0107 si\u0119 do turnieju par, Tw\u00f3j partner musi by\u0107 zalogowany na HoB-ie w tym samym momencie, co Ty.<\/p>\n<h2>Jak zagra\u0107 w turnieju bezp\u0142atnym?<\/h2>\n<p>Aby zagra\u0107 w turnieju bezp\u0142atnym wystarczy, \u017ce <strong>Zarejestrujesz si\u0119 na HoB-ie<\/strong> (patrz wy\u017cej) oraz <strong>Zapiszesz si\u0119 do konkretnego turnieju<\/strong> (patrz wy\u017cej). Rejestracja w klubie BridgeNET nie jest konieczna, ale zach\u0119camy do niej, bo u\u0142atwi Ci \u015bledzenie w BridgeNET swojej historii turniej\u00f3w.<\/p>\n<p>[\/et_pb_text][\/et_pb_column][\/et_pb_row][\/et_pb_section]<\/p>\n","protected":false},"excerpt":{"rendered":"<p>turnieje na Hob-ieHarmonogram Od pocz\u0105tku marca 2022 na HoB-ie gramy nast\u0119puj\u0105ce cykliczne turnieje par na IMP-y: Poniedzia\u0142ek, godz. 20:30 &#8211; Otwarty Turniej Par, 21 rozda\u0144, turniej p\u0142atny \u015aroda, godz. 20:30 &#8211; Otwarty Turniej Par, 21 rozda\u0144, turniej p\u0142atny Czwartek, godz. 20:00 &#8211; M\u0142odzie\u017cowy Turniej Par, 12 rozda\u0144, turniej bezp\u0142atny (turniej dla m\u0142odzie\u017cy &lt;26 oraz ich [&hellip;]<\/p>\n","protected":false},"author":1,"featured_media":0,"parent":0,"menu_order":0,"comment_status":"closed","ping_status":"closed","template":"","meta":{"_et_pb_use_builder":"on","_et_pb_old_content":"","_et_gb_content_width":"","_monsterinsights_skip_tracking":false,"_monsterinsights_sitenote_active":false,"_monsterinsights_sitenote_note":"","_monsterinsights_sitenote_category":0,"footnotes":""},"class_list":["post-1776","page","type-page","status-publish","hentry"],"yoast_head":"<!-- This site is optimized with the Yoast SEO plugin v27.4 - https:\/\/yoast.com\/product\/yoast-seo-wordpress\/ -->\n<title>How and when to play on HoB | HoB<\/title>\n<meta name=\"description\" content=\"HoB is the new application for playing online bridge. It\u2019s beautiful and engaging. It works in your browser so no download is required.\" \/>\n<meta name=\"robots\" content=\"index, follow, max-snippet:-1, max-image-preview:large, max-video-preview:-1\" \/>\n<link rel=\"canonical\" href=\"https:\/\/houseofbridge.com\/pl\/how-and-when-to-play-on-hob\/\" \/>\n<meta property=\"og:locale\" content=\"pl_PL\" \/>\n<meta property=\"og:type\" content=\"article\" \/>\n<meta property=\"og:title\" content=\"How and when to play on HoB | HoB\" \/>\n<meta property=\"og:description\" content=\"HoB is the new application for playing online bridge. It\u2019s beautiful and engaging. It works in your browser so no download is required.\" \/>\n<meta property=\"og:url\" content=\"https:\/\/houseofbridge.com\/pl\/how-and-when-to-play-on-hob\/\" \/>\n<meta property=\"og:site_name\" content=\"HoB\" \/>\n<meta property=\"article:modified_time\" content=\"2022-03-05T17:17:49+00:00\" \/>\n<meta property=\"og:image\" content=\"https:\/\/houseofbridge.com\/wp-content\/uploads\/2022\/03\/Cezar-informacje-dodatkowe-300x162.jpg\" \/>\n<meta name=\"twitter:card\" content=\"summary_large_image\" \/>\n<meta name=\"twitter:label1\" content=\"Szacowany czas czytania\" \/>\n\t<meta name=\"twitter:data1\" content=\"3 minuty\" \/>\n<script type=\"application\/ld+json\" class=\"yoast-schema-graph\">{\"@context\":\"https:\\\/\\\/schema.org\",\"@graph\":[{\"@type\":\"WebPage\",\"@id\":\"https:\\\/\\\/houseofbridge.com\\\/how-and-when-to-play-on-hob\\\/\",\"url\":\"https:\\\/\\\/houseofbridge.com\\\/how-and-when-to-play-on-hob\\\/\",\"name\":\"How and when to play on HoB | HoB\",\"isPartOf\":{\"@id\":\"https:\\\/\\\/houseofbridge.com\\\/#website\"},\"primaryImageOfPage\":{\"@id\":\"https:\\\/\\\/houseofbridge.com\\\/how-and-when-to-play-on-hob\\\/#primaryimage\"},\"image\":{\"@id\":\"https:\\\/\\\/houseofbridge.com\\\/how-and-when-to-play-on-hob\\\/#primaryimage\"},\"thumbnailUrl\":\"https:\\\/\\\/houseofbridge.com\\\/wp-content\\\/uploads\\\/2022\\\/03\\\/Cezar-informacje-dodatkowe-300x162.jpg\",\"datePublished\":\"2022-02-27T18:08:58+00:00\",\"dateModified\":\"2022-03-05T17:17:49+00:00\",\"description\":\"HoB is the new application for playing online bridge. It\u2019s beautiful and engaging. It works in your browser so no download is required.\",\"breadcrumb\":{\"@id\":\"https:\\\/\\\/houseofbridge.com\\\/how-and-when-to-play-on-hob\\\/#breadcrumb\"},\"inLanguage\":\"pl-PL\",\"potentialAction\":[{\"@type\":\"ReadAction\",\"target\":[\"https:\\\/\\\/houseofbridge.com\\\/how-and-when-to-play-on-hob\\\/\"]}]},{\"@type\":\"ImageObject\",\"inLanguage\":\"pl-PL\",\"@id\":\"https:\\\/\\\/houseofbridge.com\\\/how-and-when-to-play-on-hob\\\/#primaryimage\",\"url\":\"https:\\\/\\\/houseofbridge.com\\\/wp-content\\\/uploads\\\/2022\\\/03\\\/Cezar-informacje-dodatkowe-300x162.jpg\",\"contentUrl\":\"https:\\\/\\\/houseofbridge.com\\\/wp-content\\\/uploads\\\/2022\\\/03\\\/Cezar-informacje-dodatkowe-300x162.jpg\"},{\"@type\":\"BreadcrumbList\",\"@id\":\"https:\\\/\\\/houseofbridge.com\\\/how-and-when-to-play-on-hob\\\/#breadcrumb\",\"itemListElement\":[{\"@type\":\"ListItem\",\"position\":1,\"name\":\"Home\",\"item\":\"https:\\\/\\\/houseofbridge.com\\\/\"},{\"@type\":\"ListItem\",\"position\":2,\"name\":\"How and when to play on HoB\"}]},{\"@type\":\"WebSite\",\"@id\":\"https:\\\/\\\/houseofbridge.com\\\/#website\",\"url\":\"https:\\\/\\\/houseofbridge.com\\\/\",\"name\":\"HoB\",\"description\":\"HoB is the new application for playing online bridge. It\u2019s beautiful and engaging. It works in your browser so no download is required. It\u2019s good for amateurs and professionals. Welcome to the House of Bridge.\",\"publisher\":{\"@id\":\"https:\\\/\\\/houseofbridge.com\\\/#organization\"},\"potentialAction\":[{\"@type\":\"SearchAction\",\"target\":{\"@type\":\"EntryPoint\",\"urlTemplate\":\"https:\\\/\\\/houseofbridge.com\\\/?s={search_term_string}\"},\"query-input\":{\"@type\":\"PropertyValueSpecification\",\"valueRequired\":true,\"valueName\":\"search_term_string\"}}],\"inLanguage\":\"pl-PL\"},{\"@type\":\"Organization\",\"@id\":\"https:\\\/\\\/houseofbridge.com\\\/#organization\",\"name\":\"House of Bridge\",\"url\":\"https:\\\/\\\/houseofbridge.com\\\/\",\"logo\":{\"@type\":\"ImageObject\",\"inLanguage\":\"pl-PL\",\"@id\":\"https:\\\/\\\/houseofbridge.com\\\/#\\\/schema\\\/logo\\\/image\\\/\",\"url\":\"https:\\\/\\\/houseofbridge.com\\\/wp-content\\\/uploads\\\/2021\\\/10\\\/hobfavicon.png\",\"contentUrl\":\"https:\\\/\\\/houseofbridge.com\\\/wp-content\\\/uploads\\\/2021\\\/10\\\/hobfavicon.png\",\"width\":512,\"height\":512,\"caption\":\"House of Bridge\"},\"image\":{\"@id\":\"https:\\\/\\\/houseofbridge.com\\\/#\\\/schema\\\/logo\\\/image\\\/\"}}]}<\/script>\n<!-- \/ Yoast SEO plugin. -->","yoast_head_json":{"title":"How and when to play on HoB | HoB","description":"HoB is the new application for playing online bridge. It\u2019s beautiful and engaging. It works in your browser so no download is required.","robots":{"index":"index","follow":"follow","max-snippet":"max-snippet:-1","max-image-preview":"max-image-preview:large","max-video-preview":"max-video-preview:-1"},"canonical":"https:\/\/houseofbridge.com\/pl\/how-and-when-to-play-on-hob\/","og_locale":"pl_PL","og_type":"article","og_title":"How and when to play on HoB | HoB","og_description":"HoB is the new application for playing online bridge. It\u2019s beautiful and engaging. It works in your browser so no download is required.","og_url":"https:\/\/houseofbridge.com\/pl\/how-and-when-to-play-on-hob\/","og_site_name":"HoB","article_modified_time":"2022-03-05T17:17:49+00:00","og_image":[{"url":"https:\/\/houseofbridge.com\/wp-content\/uploads\/2022\/03\/Cezar-informacje-dodatkowe-300x162.jpg","type":"","width":"","height":""}],"twitter_card":"summary_large_image","twitter_misc":{"Szacowany czas czytania":"3 minuty"},"schema":{"@context":"https:\/\/schema.org","@graph":[{"@type":"WebPage","@id":"https:\/\/houseofbridge.com\/how-and-when-to-play-on-hob\/","url":"https:\/\/houseofbridge.com\/how-and-when-to-play-on-hob\/","name":"How and when to play on HoB | HoB","isPartOf":{"@id":"https:\/\/houseofbridge.com\/#website"},"primaryImageOfPage":{"@id":"https:\/\/houseofbridge.com\/how-and-when-to-play-on-hob\/#primaryimage"},"image":{"@id":"https:\/\/houseofbridge.com\/how-and-when-to-play-on-hob\/#primaryimage"},"thumbnailUrl":"https:\/\/houseofbridge.com\/wp-content\/uploads\/2022\/03\/Cezar-informacje-dodatkowe-300x162.jpg","datePublished":"2022-02-27T18:08:58+00:00","dateModified":"2022-03-05T17:17:49+00:00","description":"HoB is the new application for playing online bridge. It\u2019s beautiful and engaging. It works in your browser so no download is required.","breadcrumb":{"@id":"https:\/\/houseofbridge.com\/how-and-when-to-play-on-hob\/#breadcrumb"},"inLanguage":"pl-PL","potentialAction":[{"@type":"ReadAction","target":["https:\/\/houseofbridge.com\/how-and-when-to-play-on-hob\/"]}]},{"@type":"ImageObject","inLanguage":"pl-PL","@id":"https:\/\/houseofbridge.com\/how-and-when-to-play-on-hob\/#primaryimage","url":"https:\/\/houseofbridge.com\/wp-content\/uploads\/2022\/03\/Cezar-informacje-dodatkowe-300x162.jpg","contentUrl":"https:\/\/houseofbridge.com\/wp-content\/uploads\/2022\/03\/Cezar-informacje-dodatkowe-300x162.jpg"},{"@type":"BreadcrumbList","@id":"https:\/\/houseofbridge.com\/how-and-when-to-play-on-hob\/#breadcrumb","itemListElement":[{"@type":"ListItem","position":1,"name":"Home","item":"https:\/\/houseofbridge.com\/"},{"@type":"ListItem","position":2,"name":"How and when to play on HoB"}]},{"@type":"WebSite","@id":"https:\/\/houseofbridge.com\/#website","url":"https:\/\/houseofbridge.com\/","name":"HoB","description":"HoB is the new application for playing online bridge. It\u2019s beautiful and engaging. It works in your browser so no download is required. It\u2019s good for amateurs and professionals. Welcome to the House of Bridge.","publisher":{"@id":"https:\/\/houseofbridge.com\/#organization"},"potentialAction":[{"@type":"SearchAction","target":{"@type":"EntryPoint","urlTemplate":"https:\/\/houseofbridge.com\/?s={search_term_string}"},"query-input":{"@type":"PropertyValueSpecification","valueRequired":true,"valueName":"search_term_string"}}],"inLanguage":"pl-PL"},{"@type":"Organization","@id":"https:\/\/houseofbridge.com\/#organization","name":"House of Bridge","url":"https:\/\/houseofbridge.com\/","logo":{"@type":"ImageObject","inLanguage":"pl-PL","@id":"https:\/\/houseofbridge.com\/#\/schema\/logo\/image\/","url":"https:\/\/houseofbridge.com\/wp-content\/uploads\/2021\/10\/hobfavicon.png","contentUrl":"https:\/\/houseofbridge.com\/wp-content\/uploads\/2021\/10\/hobfavicon.png","width":512,"height":512,"caption":"House of Bridge"},"image":{"@id":"https:\/\/houseofbridge.com\/#\/schema\/logo\/image\/"}}]}},"_links":{"self":[{"href":"https:\/\/houseofbridge.com\/pl\/wp-json\/wp\/v2\/pages\/1776","targetHints":{"allow":["GET"]}}],"collection":[{"href":"https:\/\/houseofbridge.com\/pl\/wp-json\/wp\/v2\/pages"}],"about":[{"href":"https:\/\/houseofbridge.com\/pl\/wp-json\/wp\/v2\/types\/page"}],"author":[{"embeddable":true,"href":"https:\/\/houseofbridge.com\/pl\/wp-json\/wp\/v2\/users\/1"}],"replies":[{"embeddable":true,"href":"https:\/\/houseofbridge.com\/pl\/wp-json\/wp\/v2\/comments?post=1776"}],"version-history":[{"count":20,"href":"https:\/\/houseofbridge.com\/pl\/wp-json\/wp\/v2\/pages\/1776\/revisions"}],"predecessor-version":[{"id":1809,"href":"https:\/\/houseofbridge.com\/pl\/wp-json\/wp\/v2\/pages\/1776\/revisions\/1809"}],"wp:attachment":[{"href":"https:\/\/houseofbridge.com\/pl\/wp-json\/wp\/v2\/media?parent=1776"}],"curies":[{"name":"wp","href":"https:\/\/api.w.org\/{rel}","templated":true}]}}