{"id":1631,"date":"2021-11-26T15:07:08","date_gmt":"2021-11-26T13:07:08","guid":{"rendered":"https:\/\/houseofbridge.com\/?page_id=1631"},"modified":"2022-01-01T16:26:26","modified_gmt":"2022-01-01T14:26:26","slug":"rejestracja-na-hob","status":"publish","type":"page","link":"https:\/\/houseofbridge.com\/pl\/rejestracja-na-hob\/","title":{"rendered":"Rejestracja na HoB"},"content":{"rendered":"<p>[et_pb_section fb_built=&#8221;1&#8243; admin_label=&#8221;Hero&#8221; _builder_version=&#8221;4.9.11&#8243; use_background_color_gradient=&#8221;on&#8221; background_color_gradient_start=&#8221;rgba(34,58,56,0.5)&#8221; background_color_gradient_end=&#8221;rgba(72,106,104,0.5)&#8221; background_color_gradient_overlays_image=&#8221;on&#8221; background_image=&#8221;https:\/\/houseofbridge.com\/wp-content\/uploads\/2021\/08\/analysis.jpg&#8221; custom_padding=&#8221;|||&#8221; animation_style=&#8221;zoom&#8221; animation_intensity_zoom=&#8221;4%&#8221; global_colors_info=&#8221;{}&#8221;][et_pb_row _builder_version=&#8221;4.9.11&#8243; background_size=&#8221;initial&#8221; background_position=&#8221;top_left&#8221; background_repeat=&#8221;repeat&#8221; custom_padding=&#8221;|||&#8221; animation_style=&#8221;slide&#8221; animation_direction=&#8221;top&#8221; animation_intensity_slide=&#8221;3%&#8221; global_colors_info=&#8221;{}&#8221;][et_pb_column type=&#8221;4_4&#8243; _builder_version=&#8221;3.25&#8243; custom_padding=&#8221;|||&#8221; global_colors_info=&#8221;{}&#8221; custom_padding__hover=&#8221;|||&#8221;][et_pb_text _builder_version=&#8221;4.9.11&#8243; text_font=&#8221;||||||||&#8221; header_font=&#8221;Poppins|700||on|||||dotted&#8221; header_text_color=&#8221;#FFFFFF&#8221; header_font_size=&#8221;60px&#8221; header_line_height=&#8221;1.3em&#8221; background_size=&#8221;initial&#8221; background_position=&#8221;top_left&#8221; background_repeat=&#8221;repeat&#8221; custom_margin=&#8221;|||&#8221; animation_style=&#8221;fade&#8221; header_font_size_last_edited=&#8221;off|desktop&#8221; locked=&#8221;off&#8221; global_colors_info=&#8221;{}&#8221;]<\/p>\n<h1><\/h1>\n<h1 class=\"entry-title main_title\">rejestracja na Hob-ie<\/h1>\n<p>[\/et_pb_text][et_pb_divider show_divider=&#8221;off&#8221; disabled_on=&#8221;on|on|off%22&#8243; _builder_version=&#8221;3.2&#8243; max_width=&#8221;120px&#8221; animation_style=&#8221;slide&#8221; animation_direction=&#8221;top&#8221; animation_intensity_slide=&#8221;30%&#8221; global_colors_info=&#8221;{}&#8221;][\/et_pb_divider][\/et_pb_column][\/et_pb_row][\/et_pb_section][et_pb_section fb_built=&#8221;1&#8243; _builder_version=&#8221;4.9.11&#8243; _module_preset=&#8221;default&#8221; global_colors_info=&#8221;{}&#8221;][et_pb_row _builder_version=&#8221;4.9.11&#8243; _module_preset=&#8221;default&#8221; global_colors_info=&#8221;{}&#8221;][et_pb_column type=&#8221;4_4&#8243; _builder_version=&#8221;4.9.11&#8243; _module_preset=&#8221;default&#8221; global_colors_info=&#8221;{}&#8221;][et_pb_text _builder_version=&#8221;4.11.0&#8243; _module_preset=&#8221;default&#8221; text_font=&#8221;Poppins||||||||&#8221; text_text_color=&#8221;#223A38&#8243; text_font_size=&#8221;15px&#8221; hover_enabled=&#8221;0&#8243; global_colors_info=&#8221;{}&#8221; sticky_enabled=&#8221;0&#8243;]<\/p>\n<p>\u017beby gra\u0107 na HoB-ie potrzebujesz u\u017cytkownika. Na szcz\u0119\u015bcie rejestracja jest prosta i darmowa. Poni\u017cszy artyku\u0142 opisuje krok po kroku jak zarejestrowa\u0107 si\u0119 na HoB-ie.<\/p>\n<p>A tutaj filmik dla tych, kt\u00f3rzy wol\u0105 obejrze\u0107 ni\u017c czyta\u0107.<\/p>\n<p><iframe loading=\"lazy\" title=\"[PL] Jak zarejestrowa\u0107 si\u0119 na HoB-ie\" width=\"1080\" height=\"608\" src=\"https:\/\/www.youtube.com\/embed\/7GckFBJPNmg?feature=oembed\"  allow=\"accelerometer; autoplay; clipboard-write; encrypted-media; gyroscope; picture-in-picture\" allowfullscreen><\/iframe><\/p>\n<h3>Krok 1 &#8211; wejd\u017a na HoB<\/h3>\n<p>Zaczynamy od wpisania w przegl\u0105dark\u0119 adresu <a href=\"https:\/\/play.houseofbridge.com\">play.houseofbridge.com<\/a>. Je\u015bli jeszcze nigdy nie grali\u015bmy na HoB, to po chwili zostaniemy przekierowani na poni\u017csz\u0105 stron\u0119.<\/p>\n<p><img loading=\"lazy\" decoding=\"async\" src=\"https:\/\/houseofbridge.com\/wp-content\/uploads\/2021\/11\/pl_ekran-logowania-228x300.jpg\" width=\"228\" height=\"300\" alt=\"\" class=\"wp-image-1634 alignnone size-medium\" style=\"display: block; margin-left: auto; margin-right: auto;\" \/><\/p>\n<h3>Krok 2 &#8211; kliknij link &#8220;Zarejestruj si\u0119 teraz&#8221;<\/h3>\n<p>Je\u015bli nie mamy jeszcze konta, to klikamy w link &#8220;Zarejestruj si\u0119 teraz&#8221;.<\/p>\n<h3>Krok 3 &#8211; wprowad\u017a sw\u00f3j adres email i wy\u015blij kod weryfikacyjny<\/h3>\n<p>Na nowym ekranie wpisujemy sw\u00f3j adres email. Tego adresu b\u0119dziemy u\u017cywa\u0107, \u017ceby logowa\u0107 si\u0119 na HoB-ie. Po wprowadzeniu naszego adresu email musimy wcisn\u0105\u0107 przycisk &#8220;Wy\u015blij kod weryfikacyjny&#8221;. W ten spos\u00f3b HoB sprawdza, czy jeste\u015bmy w\u0142a\u015bcicielami wskazanego adres email.<\/p>\n<p>Otwieramy nasz\u0105 poczt\u0119 i szukamy nowego emaila od Microsoft (msonlineservicesteam@microsoftonline.com). Microsoft stworzy\u0142 system, kt\u00f3rego u\u017cywamy do logowania i w naszym imieniu wysy\u0142a emaile weryfikacyjne.<\/p>\n<p><img loading=\"lazy\" decoding=\"async\" src=\"https:\/\/houseofbridge.com\/wp-content\/uploads\/2021\/11\/pl_rejestracja1-253x300.jpg\" width=\"253\" height=\"300\" alt=\"\" class=\"wp-image-1637 alignnone size-medium\" style=\"display: block; margin-left: auto; margin-right: auto;\" \/><\/p>\n<h3>Krok 4 &#8211; zweryfikuj adres email<\/h3>\n<p>Kopiujemy z emaila 6-cyfrowy kod a nast\u0119pnie wklejamy go w odpowiednie pole widoczne poni\u017cej. Klikamy przycisk &#8220;Zweryfikuj kod&#8221;. Je\u015bli poprawnie skopiowali\u015bmy kod (bez spacji) to adres email zostanie zweryfikowany i zaakceptowany.<\/p>\n<p><img loading=\"lazy\" decoding=\"async\" src=\"https:\/\/houseofbridge.com\/wp-content\/uploads\/2021\/11\/pl_rejestracja2-207x300.jpg\" width=\"207\" height=\"300\" alt=\"\" class=\"wp-image-1638 alignnone size-medium\" style=\"display: block; margin-left: auto; margin-right: auto;\" \/><\/p>\n<h3>Krok 5 &#8211; wprowad\u017a nowe has\u0142o<\/h3>\n<p>Pozostaje nam wymy\u015bli\u0107 i dwukrotnie wpisa\u0107 nowe has\u0142o. <span style=\"text-decoration: underline;\">UWAGA: to nie ma by\u0107 has\u0142o do Twojej poczty, tylko zupe\u0142nie nowe has\u0142o do HoB-a!<\/span> Has\u0142o do HoB musi sk\u0142ada\u0107 si\u0119 z co najmniej 8 znak\u00f3w i zawiera\u0107 znaki z co najmniej dw\u00f3ch kategorii spo\u015br\u00f3d: ma\u0142ych liter, wielkich liter, symboli i cyfr. Has\u0142o musimy zapami\u0119ta\u0107, bo b\u0119dzie u\u017cywane do logowania si\u0119 do HoB. Wciskamy przycisk &#8220;Utw\u00f3rz&#8221;.<\/p>\n<h3>Krok 6 &#8211; dodatkowe informacje<\/h3>\n<p>W ostatnim kroku wprowadzamy dodatkowe informacje o naszym u\u017cytkowniku: nick oraz kraj. System automatycznie sprawdzi, czy wprowadzony przez nas nick jest dost\u0119pny. Przed aktywacj\u0105 naszego u\u017cytkownika musimy jeszcze zaakceptowa\u0107 Polityk\u0119 Prywatno\u015bci oraz Warunki U\u017cytkowania. Ponownie klikamy &#8220;Utw\u00f3rz&#8221; i jeste\u015bmy zalogowani na HoB-ie!<\/p>\n<p>Przyjemnej gry!<\/p>\n<p>[\/et_pb_text][\/et_pb_column][\/et_pb_row][et_pb_row _builder_version=&#8221;4.9.11&#8243; _module_preset=&#8221;default&#8221; global_colors_info=&#8221;{}&#8221;][et_pb_column type=&#8221;4_4&#8243; _builder_version=&#8221;4.9.11&#8243; _module_preset=&#8221;default&#8221; global_colors_info=&#8221;{}&#8221;][et_pb_button button_url=&#8221;https:\/\/houseofbridge.com\/documentation\/&#8221; button_text=&#8221;go back to documentation&#8221; button_alignment=&#8221;center&#8221; _builder_version=&#8221;4.9.11&#8243; custom_button=&#8221;on&#8221; button_text_color=&#8221;#FFFFFF&#8221; button_bg_color=&#8221;#FFBA60&#8243; button_border_width=&#8221;0px&#8221; button_border_color=&#8221;#ffffff&#8221; button_border_radius=&#8221;8px&#8221; button_letter_spacing=&#8221;2px&#8221; button_font=&#8221;Poppins|700||on|||||&#8221; button_icon=&#8221;%%36%%&#8221; animation_style=&#8221;fade&#8221; button_text_color_hover=&#8221;#ffffff&#8221; button_border_color_hover=&#8221;#ffffff&#8221; button_letter_spacing_hover=&#8221;2px&#8221; button_bg_color_hover=&#8221;rgba(0,0,0,0)&#8221; locked=&#8221;off&#8221; global_colors_info=&#8221;{}&#8221; button_text_size__hover_enabled=&#8221;off&#8221; button_one_text_size__hover_enabled=&#8221;off&#8221; button_two_text_size__hover_enabled=&#8221;off&#8221; button_text_color__hover_enabled=&#8221;on|hover&#8221; button_text_color__hover=&#8221;#FFFFFF&#8221; button_one_text_color__hover_enabled=&#8221;off&#8221; button_two_text_color__hover_enabled=&#8221;off&#8221; button_border_width__hover_enabled=&#8221;off&#8221; button_one_border_width__hover_enabled=&#8221;off&#8221; button_two_border_width__hover_enabled=&#8221;off&#8221; button_border_color__hover_enabled=&#8221;on&#8221; button_border_color__hover=&#8221;#ffffff&#8221; button_one_border_color__hover_enabled=&#8221;off&#8221; button_two_border_color__hover_enabled=&#8221;off&#8221; button_border_radius__hover_enabled=&#8221;off&#8221; button_one_border_radius__hover_enabled=&#8221;off&#8221; button_two_border_radius__hover_enabled=&#8221;off&#8221; button_letter_spacing__hover_enabled=&#8221;on&#8221; button_letter_spacing__hover=&#8221;2px&#8221; button_one_letter_spacing__hover_enabled=&#8221;off&#8221; button_two_letter_spacing__hover_enabled=&#8221;off&#8221; button_bg_color__hover_enabled=&#8221;on|hover&#8221; button_bg_color__hover=&#8221;rgba(224,145,56,0.72)&#8221; button_one_bg_color__hover_enabled=&#8221;off&#8221; button_two_bg_color__hover_enabled=&#8221;off&#8221; button_bg_enable_color__hover=&#8221;on&#8221;][\/et_pb_button][\/et_pb_column][\/et_pb_row][\/et_pb_section]<\/p>\n","protected":false},"excerpt":{"rendered":"<p>rejestracja na Hob-ie\u017beby gra\u0107 na HoB-ie potrzebujesz u\u017cytkownika. Na szcz\u0119\u015bcie rejestracja jest prosta i darmowa. Poni\u017cszy artyku\u0142 opisuje krok po kroku jak zarejestrowa\u0107 si\u0119 na HoB-ie. A tutaj filmik dla tych, kt\u00f3rzy wol\u0105 obejrze\u0107 ni\u017c czyta\u0107. Krok 1 &#8211; wejd\u017a na HoB Zaczynamy od wpisania w przegl\u0105dark\u0119 adresu play.houseofbridge.com. Je\u015bli jeszcze nigdy nie grali\u015bmy na [&hellip;]<\/p>\n","protected":false},"author":1,"featured_media":0,"parent":0,"menu_order":0,"comment_status":"closed","ping_status":"closed","template":"","meta":{"_et_pb_use_builder":"on","_et_pb_old_content":"","_et_gb_content_width":"","_monsterinsights_skip_tracking":false,"_monsterinsights_sitenote_active":false,"_monsterinsights_sitenote_note":"","_monsterinsights_sitenote_category":0,"footnotes":""},"class_list":["post-1631","page","type-page","status-publish","hentry"],"yoast_head":"<!-- This site is optimized with the Yoast SEO plugin v27.4 - https:\/\/yoast.com\/product\/yoast-seo-wordpress\/ -->\n<title>Rejestracja na HoB | HoB<\/title>\n<meta name=\"description\" content=\"HoB is the new application for playing online bridge. It\u2019s beautiful and engaging. It works in your browser so no download is required.\" \/>\n<meta name=\"robots\" content=\"index, follow, max-snippet:-1, max-image-preview:large, max-video-preview:-1\" \/>\n<link rel=\"canonical\" href=\"https:\/\/houseofbridge.com\/pl\/rejestracja-na-hob\/\" \/>\n<meta property=\"og:locale\" content=\"pl_PL\" \/>\n<meta property=\"og:type\" content=\"article\" \/>\n<meta property=\"og:title\" content=\"Rejestracja na HoB | HoB\" \/>\n<meta property=\"og:description\" content=\"HoB is the new application for playing online bridge. It\u2019s beautiful and engaging. It works in your browser so no download is required.\" \/>\n<meta property=\"og:url\" content=\"https:\/\/houseofbridge.com\/pl\/rejestracja-na-hob\/\" \/>\n<meta property=\"og:site_name\" content=\"HoB\" \/>\n<meta property=\"article:modified_time\" content=\"2022-01-01T14:26:26+00:00\" \/>\n<meta property=\"og:image\" content=\"https:\/\/houseofbridge.com\/wp-content\/uploads\/2021\/11\/pl_ekran-logowania-228x300.jpg\" \/>\n<meta name=\"twitter:card\" content=\"summary_large_image\" \/>\n<meta name=\"twitter:label1\" content=\"Szacowany czas czytania\" \/>\n\t<meta name=\"twitter:data1\" content=\"4 minuty\" \/>\n<script type=\"application\/ld+json\" class=\"yoast-schema-graph\">{\"@context\":\"https:\\\/\\\/schema.org\",\"@graph\":[{\"@type\":\"WebPage\",\"@id\":\"https:\\\/\\\/houseofbridge.com\\\/rejestracja-na-hob\\\/\",\"url\":\"https:\\\/\\\/houseofbridge.com\\\/rejestracja-na-hob\\\/\",\"name\":\"Rejestracja na HoB | HoB\",\"isPartOf\":{\"@id\":\"https:\\\/\\\/houseofbridge.com\\\/#website\"},\"primaryImageOfPage\":{\"@id\":\"https:\\\/\\\/houseofbridge.com\\\/rejestracja-na-hob\\\/#primaryimage\"},\"image\":{\"@id\":\"https:\\\/\\\/houseofbridge.com\\\/rejestracja-na-hob\\\/#primaryimage\"},\"thumbnailUrl\":\"https:\\\/\\\/houseofbridge.com\\\/wp-content\\\/uploads\\\/2021\\\/11\\\/pl_ekran-logowania-228x300.jpg\",\"datePublished\":\"2021-11-26T13:07:08+00:00\",\"dateModified\":\"2022-01-01T14:26:26+00:00\",\"description\":\"HoB is the new application for playing online bridge. It\u2019s beautiful and engaging. It works in your browser so no download is required.\",\"breadcrumb\":{\"@id\":\"https:\\\/\\\/houseofbridge.com\\\/rejestracja-na-hob\\\/#breadcrumb\"},\"inLanguage\":\"pl-PL\",\"potentialAction\":[{\"@type\":\"ReadAction\",\"target\":[\"https:\\\/\\\/houseofbridge.com\\\/rejestracja-na-hob\\\/\"]}]},{\"@type\":\"ImageObject\",\"inLanguage\":\"pl-PL\",\"@id\":\"https:\\\/\\\/houseofbridge.com\\\/rejestracja-na-hob\\\/#primaryimage\",\"url\":\"https:\\\/\\\/houseofbridge.com\\\/wp-content\\\/uploads\\\/2021\\\/11\\\/pl_ekran-logowania-228x300.jpg\",\"contentUrl\":\"https:\\\/\\\/houseofbridge.com\\\/wp-content\\\/uploads\\\/2021\\\/11\\\/pl_ekran-logowania-228x300.jpg\"},{\"@type\":\"BreadcrumbList\",\"@id\":\"https:\\\/\\\/houseofbridge.com\\\/rejestracja-na-hob\\\/#breadcrumb\",\"itemListElement\":[{\"@type\":\"ListItem\",\"position\":1,\"name\":\"Home\",\"item\":\"https:\\\/\\\/houseofbridge.com\\\/\"},{\"@type\":\"ListItem\",\"position\":2,\"name\":\"Rejestracja na HoB\"}]},{\"@type\":\"WebSite\",\"@id\":\"https:\\\/\\\/houseofbridge.com\\\/#website\",\"url\":\"https:\\\/\\\/houseofbridge.com\\\/\",\"name\":\"HoB\",\"description\":\"HoB is the new application for playing online bridge. It\u2019s beautiful and engaging. It works in your browser so no download is required. It\u2019s good for amateurs and professionals. Welcome to the House of Bridge.\",\"publisher\":{\"@id\":\"https:\\\/\\\/houseofbridge.com\\\/#organization\"},\"potentialAction\":[{\"@type\":\"SearchAction\",\"target\":{\"@type\":\"EntryPoint\",\"urlTemplate\":\"https:\\\/\\\/houseofbridge.com\\\/?s={search_term_string}\"},\"query-input\":{\"@type\":\"PropertyValueSpecification\",\"valueRequired\":true,\"valueName\":\"search_term_string\"}}],\"inLanguage\":\"pl-PL\"},{\"@type\":\"Organization\",\"@id\":\"https:\\\/\\\/houseofbridge.com\\\/#organization\",\"name\":\"House of Bridge\",\"url\":\"https:\\\/\\\/houseofbridge.com\\\/\",\"logo\":{\"@type\":\"ImageObject\",\"inLanguage\":\"pl-PL\",\"@id\":\"https:\\\/\\\/houseofbridge.com\\\/#\\\/schema\\\/logo\\\/image\\\/\",\"url\":\"https:\\\/\\\/houseofbridge.com\\\/wp-content\\\/uploads\\\/2021\\\/10\\\/hobfavicon.png\",\"contentUrl\":\"https:\\\/\\\/houseofbridge.com\\\/wp-content\\\/uploads\\\/2021\\\/10\\\/hobfavicon.png\",\"width\":512,\"height\":512,\"caption\":\"House of Bridge\"},\"image\":{\"@id\":\"https:\\\/\\\/houseofbridge.com\\\/#\\\/schema\\\/logo\\\/image\\\/\"}}]}<\/script>\n<!-- \/ Yoast SEO plugin. -->","yoast_head_json":{"title":"Rejestracja na HoB | HoB","description":"HoB is the new application for playing online bridge. It\u2019s beautiful and engaging. It works in your browser so no download is required.","robots":{"index":"index","follow":"follow","max-snippet":"max-snippet:-1","max-image-preview":"max-image-preview:large","max-video-preview":"max-video-preview:-1"},"canonical":"https:\/\/houseofbridge.com\/pl\/rejestracja-na-hob\/","og_locale":"pl_PL","og_type":"article","og_title":"Rejestracja na HoB | HoB","og_description":"HoB is the new application for playing online bridge. It\u2019s beautiful and engaging. It works in your browser so no download is required.","og_url":"https:\/\/houseofbridge.com\/pl\/rejestracja-na-hob\/","og_site_name":"HoB","article_modified_time":"2022-01-01T14:26:26+00:00","og_image":[{"url":"https:\/\/houseofbridge.com\/wp-content\/uploads\/2021\/11\/pl_ekran-logowania-228x300.jpg","type":"","width":"","height":""}],"twitter_card":"summary_large_image","twitter_misc":{"Szacowany czas czytania":"4 minuty"},"schema":{"@context":"https:\/\/schema.org","@graph":[{"@type":"WebPage","@id":"https:\/\/houseofbridge.com\/rejestracja-na-hob\/","url":"https:\/\/houseofbridge.com\/rejestracja-na-hob\/","name":"Rejestracja na HoB | HoB","isPartOf":{"@id":"https:\/\/houseofbridge.com\/#website"},"primaryImageOfPage":{"@id":"https:\/\/houseofbridge.com\/rejestracja-na-hob\/#primaryimage"},"image":{"@id":"https:\/\/houseofbridge.com\/rejestracja-na-hob\/#primaryimage"},"thumbnailUrl":"https:\/\/houseofbridge.com\/wp-content\/uploads\/2021\/11\/pl_ekran-logowania-228x300.jpg","datePublished":"2021-11-26T13:07:08+00:00","dateModified":"2022-01-01T14:26:26+00:00","description":"HoB is the new application for playing online bridge. It\u2019s beautiful and engaging. It works in your browser so no download is required.","breadcrumb":{"@id":"https:\/\/houseofbridge.com\/rejestracja-na-hob\/#breadcrumb"},"inLanguage":"pl-PL","potentialAction":[{"@type":"ReadAction","target":["https:\/\/houseofbridge.com\/rejestracja-na-hob\/"]}]},{"@type":"ImageObject","inLanguage":"pl-PL","@id":"https:\/\/houseofbridge.com\/rejestracja-na-hob\/#primaryimage","url":"https:\/\/houseofbridge.com\/wp-content\/uploads\/2021\/11\/pl_ekran-logowania-228x300.jpg","contentUrl":"https:\/\/houseofbridge.com\/wp-content\/uploads\/2021\/11\/pl_ekran-logowania-228x300.jpg"},{"@type":"BreadcrumbList","@id":"https:\/\/houseofbridge.com\/rejestracja-na-hob\/#breadcrumb","itemListElement":[{"@type":"ListItem","position":1,"name":"Home","item":"https:\/\/houseofbridge.com\/"},{"@type":"ListItem","position":2,"name":"Rejestracja na HoB"}]},{"@type":"WebSite","@id":"https:\/\/houseofbridge.com\/#website","url":"https:\/\/houseofbridge.com\/","name":"HoB","description":"HoB is the new application for playing online bridge. It\u2019s beautiful and engaging. It works in your browser so no download is required. It\u2019s good for amateurs and professionals. Welcome to the House of Bridge.","publisher":{"@id":"https:\/\/houseofbridge.com\/#organization"},"potentialAction":[{"@type":"SearchAction","target":{"@type":"EntryPoint","urlTemplate":"https:\/\/houseofbridge.com\/?s={search_term_string}"},"query-input":{"@type":"PropertyValueSpecification","valueRequired":true,"valueName":"search_term_string"}}],"inLanguage":"pl-PL"},{"@type":"Organization","@id":"https:\/\/houseofbridge.com\/#organization","name":"House of Bridge","url":"https:\/\/houseofbridge.com\/","logo":{"@type":"ImageObject","inLanguage":"pl-PL","@id":"https:\/\/houseofbridge.com\/#\/schema\/logo\/image\/","url":"https:\/\/houseofbridge.com\/wp-content\/uploads\/2021\/10\/hobfavicon.png","contentUrl":"https:\/\/houseofbridge.com\/wp-content\/uploads\/2021\/10\/hobfavicon.png","width":512,"height":512,"caption":"House of Bridge"},"image":{"@id":"https:\/\/houseofbridge.com\/#\/schema\/logo\/image\/"}}]}},"_links":{"self":[{"href":"https:\/\/houseofbridge.com\/pl\/wp-json\/wp\/v2\/pages\/1631","targetHints":{"allow":["GET"]}}],"collection":[{"href":"https:\/\/houseofbridge.com\/pl\/wp-json\/wp\/v2\/pages"}],"about":[{"href":"https:\/\/houseofbridge.com\/pl\/wp-json\/wp\/v2\/types\/page"}],"author":[{"embeddable":true,"href":"https:\/\/houseofbridge.com\/pl\/wp-json\/wp\/v2\/users\/1"}],"replies":[{"embeddable":true,"href":"https:\/\/houseofbridge.com\/pl\/wp-json\/wp\/v2\/comments?post=1631"}],"version-history":[{"count":10,"href":"https:\/\/houseofbridge.com\/pl\/wp-json\/wp\/v2\/pages\/1631\/revisions"}],"predecessor-version":[{"id":1689,"href":"https:\/\/houseofbridge.com\/pl\/wp-json\/wp\/v2\/pages\/1631\/revisions\/1689"}],"wp:attachment":[{"href":"https:\/\/houseofbridge.com\/pl\/wp-json\/wp\/v2\/media?parent=1631"}],"curies":[{"name":"wp","href":"https:\/\/api.w.org\/{rel}","templated":true}]}}